{"id":1222,"date":"2018-06-12T21:40:41","date_gmt":"2018-06-12T18:40:41","guid":{"rendered":"http:\/\/mufitkiper.com\/km\/?page_id=1222"},"modified":"2019-09-04T09:39:42","modified_gmt":"2019-09-04T06:39:42","slug":"fotograflar","status":"publish","type":"page","link":"https:\/\/mufitkiper.com\/km\/fotograflar\/","title":{"rendered":"Foto"},"content":{"rendered":"\n<h4 class=\"wp-block-heading\">\u00c7ekti\u011fim foto\u011fraflar;<\/h4>\n\n\n<table border=\"0\" width=\"100%\">\n<tbody>\n<tr>\n<td align=\"center\">\n<p align=\"center\"><a href=\"https:\/\/photos.app.goo.gl\/5xrUMqCBwVVVbxvS7\" target=\"_blank\" rel=\"noopener noreferrer\"><br>\n<img loading=\"lazy\" decoding=\"async\" src=\"http:\/\/www.mufitkiper.com\/resim\/digerleri.jpg\" width=\"225\" height=\"245\" border=\"0\"><\/a><\/p>\n<\/td>\n<td align=\"center\">\n<p align=\"center\"><a href=\"https:\/\/photos.app.goo.gl\/1ieurkf9yfSpTNNt5\" target=\"_blank\" rel=\"noopener noreferrer\"><br>\n<img loading=\"lazy\" decoding=\"async\" src=\"http:\/\/www.mufitkiper.com\/resim\/fd6&amp;6n2.jpg\" width=\"223\" height=\"245\" border=\"0\"><\/a><\/p>\n<\/td>\n<\/tr>\n<tr>\n<td align=\"center\">\n<p align=\"center\"><a href=\"https:\/\/photos.app.goo.gl\/6GZDgCdnUAt9Uw9o7\" target=\"_blank\" rel=\"noopener noreferrer\"><br>\n<img loading=\"lazy\" decoding=\"async\" src=\"http:\/\/www.mufitkiper.com\/resim\/kar.jpg\" width=\"222\" height=\"245\" border=\"0\"><\/a><\/p>\n<\/td>\n<td align=\"center\">\n<p align=\"center\"><a href=\"https:\/\/photos.app.goo.gl\/RPHM6nCMgZGoxFCN7\" target=\"_blank\" rel=\"noopener noreferrer\"><br>\n<img loading=\"lazy\" decoding=\"async\" src=\"http:\/\/www.mufitkiper.com\/resim\/gece.jpg\" width=\"223\" height=\"244\" border=\"0\"><\/a><\/p>\n<\/td>\n<\/tr>\n<tr>\n<td align=\"center\">\n<p align=\"center\"><a href=\"https:\/\/photos.app.goo.gl\/iF7mFuVmi2WjBtar5\" target=\"_blank\" rel=\"noopener noreferrer\"><br>\n<img loading=\"lazy\" decoding=\"async\" src=\"http:\/\/www.mufitkiper.com\/resim\/gunes.jpg\" width=\"220\" height=\"242\" border=\"0\"><\/a><\/p>\n<\/td>\n<td align=\"center\">\n<p align=\"center\"><a href=\"https:\/\/photos.app.goo.gl\/JCrdVtMTj3HZ712Z6\" target=\"_blank\" rel=\"noopener noreferrer\"><br>\n<img loading=\"lazy\" decoding=\"async\" src=\"http:\/\/www.mufitkiper.com\/resim\/yol.jpg\" width=\"218\" height=\"244\" border=\"0\"><\/a><\/p>\n<\/td>\n<\/tr>\n<tr>\n<td align=\"center\">\n<p align=\"center\"><a href=\"https:\/\/photos.app.goo.gl\/UxWNXDXWGugMRiB96\" target=\"_blank\" rel=\"noopener noreferrer\"><br>\n<img loading=\"lazy\" decoding=\"async\" src=\"http:\/\/www.mufitkiper.com\/resim\/zoom.jpg\" width=\"224\" height=\"241\" border=\"0\"><\/a><\/p>\n<\/td>\n<td align=\"center\">\n<p align=\"center\"><a href=\"https:\/\/photos.app.goo.gl\/nqioBsywnWonZWVi7\" target=\"_blank\" rel=\"noopener noreferrer\"><br>\n<img loading=\"lazy\" decoding=\"async\" src=\"http:\/\/www.mufitkiper.com\/resim\/panoramik.jpg\" width=\"225\" height=\"241\" border=\"0\"><\/a><\/p>\n<\/td>\n<\/tr>\n<\/tbody>\n<\/table>","protected":false},"excerpt":{"rendered":"<p>\u00c7ekti\u011fim foto\u011fraflar;<\/p>\n","protected":false},"author":1,"featured_media":0,"parent":0,"menu_order":5,"comment_status":"closed","ping_status":"closed","template":"","meta":{"footnotes":""},"class_list":["post-1222","page","type-page","status-publish","hentry","comments-off"],"_links":{"self":[{"href":"https:\/\/mufitkiper.com\/km\/wp-json\/wp\/v2\/pages\/1222","targetHints":{"allow":["GET"]}}],"collection":[{"href":"https:\/\/mufitkiper.com\/km\/wp-json\/wp\/v2\/pages"}],"about":[{"href":"https:\/\/mufitkiper.com\/km\/wp-json\/wp\/v2\/types\/page"}],"author":[{"embeddable":true,"href":"https:\/\/mufitkiper.com\/km\/wp-json\/wp\/v2\/users\/1"}],"replies":[{"embeddable":true,"href":"https:\/\/mufitkiper.com\/km\/wp-json\/wp\/v2\/comments?post=1222"}],"version-history":[{"count":7,"href":"https:\/\/mufitkiper.com\/km\/wp-json\/wp\/v2\/pages\/1222\/revisions"}],"predecessor-version":[{"id":1752,"href":"https:\/\/mufitkiper.com\/km\/wp-json\/wp\/v2\/pages\/1222\/revisions\/1752"}],"wp:attachment":[{"href":"https:\/\/mufitkiper.com\/km\/wp-json\/wp\/v2\/media?parent=1222"}],"curies":[{"name":"wp","href":"https:\/\/api.w.org\/{rel}","templated":true}]}}