{"id":478,"date":"2009-06-16T06:51:50","date_gmt":"2009-06-16T03:51:50","guid":{"rendered":"http:\/\/kipermufit.wordpress.com\/?page_id=478"},"modified":"2019-09-04T08:38:31","modified_gmt":"2019-09-04T05:38:31","slug":"ses-yonu-tespiti-projesi","status":"publish","type":"page","link":"https:\/\/mufitkiper.com\/km\/ses-yonu-tespiti-projesi\/","title":{"rendered":"Proje (lisans)"},"content":{"rendered":"<p>&nbsp;<\/p>\n<p style=\"margin-bottom: 0pt; line-height: 150%;\" align=\"justify\"><span style=\"font-family: Tahoma,sans-serif;\">Mevcut  proje raporumdan al\u0131nt\u0131 ;<\/span><\/p>\n<p style=\"margin-bottom: 0pt; line-height: 150%;\" align=\"justify\"><span style=\"font-family: Tahoma,sans-serif;\"><span style=\"font-size: small;\">Bu proje ile ses kayna\u011f\u0131n\u0131n y\u00f6n\u00fc tespit edilmektedir. Tespit edilmek istenen objenin y\u00f6n\u00fcn\u00fcn belirlemek di\u011fer y\u00f6ntemler ile imkans\u0131z , s\u0131n\u0131rl\u0131 ya da masrafl\u0131 olmas\u0131 halinde de ses ile y\u00f6n tespiti en uygun \u00e7\u00f6z\u00fcm olacakt\u0131r.<\/span><\/span><\/p>\n<p style=\"margin-bottom: 0pt; line-height: 150%;\" align=\"justify\"><span style=\"font-family: Tahoma,sans-serif;\"><span style=\"font-size: small;\">Bu proje konusu sesin y\u00f6n\u00fcn\u00fc gayet iyi tespit eden insan\u0131n bunu nas\u0131l yapt\u0131\u011f\u0131n\u0131 anlamaya \u00e7al\u0131\u015f\u0131rken ye\u015fermi\u015ftir. Elektronik ortamda bunu uygulaman\u0131n bir yolunun oldu\u011funa inan\u0131p bir\u00e7ok amaca hizmet edebilece\u011fine kanaat getirdikten sonra \u00e7al\u0131\u015fmalar\u0131ma ba\u015flad\u0131m , nihayetinde inand\u0131\u011f\u0131m sonuca ula\u015ft\u0131m.<\/span><\/span><\/p>\n<p style=\"margin-bottom: 0pt; line-height: 150%;\" align=\"justify\"><span style=\"font-family: Tahoma,sans-serif;\"><span style=\"font-size: small;\">Giri\u015f,de\u011ferlendirme ve \u00e7\u0131k\u0131\u015f i\u015flemleri Pic 16f877a mikrokontrol\u00f6r ile yap\u0131lmaktad\u0131r. Sesi alg\u0131layan mikrofon devresi ise birka\u00e7 transist\u00f6r ve bunlara uygun di\u011fer basit elektronik devre elemanlar\u0131ndan olu\u015fmu\u015ftur. Ve ses y\u00f6n\u00fc tespitinin sonucunu bize g\u00f6rsel olarak sunacak ledler pusuladaki y\u00f6nler gibi dizilmi\u015ftir. <\/span><\/span><\/p>\n<p style=\"margin-bottom: 0pt; line-height: 150%;\" align=\"justify\"><strong><span style=\"text-decoration: none;\"><span style=\"font-family: Tahoma,sans-serif;\"><span style=\"font-size: medium;\"><span style=\"font-style: normal;\">Uygulama Alanlar\u0131<\/span><\/span><\/span><\/span><\/span><\/strong><\/p>\n<p style=\"margin-bottom: 0pt; line-height: 150%;\" align=\"justify\"><strong><span style=\"text-decoration: none;\"><span style=\"font-family: Tahoma,sans-serif;\"><span style=\"font-size: medium;\"><span style=\"font-style: normal;\">1. G\u00fcvenlik<\/span><\/span><\/span><\/span><\/span><\/strong><\/p>\n<p style=\"margin-bottom: 0pt; font-style: normal; font-weight: normal; line-height: 150%; text-decoration: none;\" align=\"justify\"><span style=\"font-family: Tahoma,sans-serif;\"><span style=\"font-size: small;\">Silah bomba gibi patlama seslerinin y\u00f6n\u00fcn\u00fcn tespiti \u00f6nlem ve savunma a\u00e7\u0131s\u0131ndan b\u00fcy\u00fck \u00f6nem ta\u015f\u0131maktad\u0131r. \u00d6rne\u011fin s\u0131n\u0131r g\u00fcvenli\u011finde kar\u015f\u0131dan gelen silah sesinin y\u00f6n\u00fcn\u00fcn tespiti savunma ve kar\u015f\u0131 sald\u0131r\u0131 i\u00e7in b\u00fcy\u00fck avantaj sa\u011flayabilmektedir. Arazide g\u00f6rsel tespit \u00e7o\u011fu zaman s\u0131n\u0131rl\u0131d\u0131r ya da imkans\u0131zd\u0131r. Radar taramas\u0131 ise yine arazinin yap\u0131s\u0131 ve tespit edilmek objenin \u00f6zelliklerine ba\u011fl\u0131 bir y\u00f6ntemdir. Kolay kolay kumufle edilemeyecek ses verisi tespit i\u00e7in kullan\u0131\u015fl\u0131 bir girdi olabilmektedir.Uygulamay\u0131 s\u0131n\u0131r gibi do\u011frusal bir d\u00fczlemden 360 dereceye yayarsak , stadyum , kapal\u0131 spor salonlar\u0131 kongre merkezleri gibi yerlerde de sistemin uygulanmas\u0131 savunma , g\u00fcvenlik konusunda b\u00fcy\u00fck yard\u0131m\u0131 olacakt\u0131r. <\/span><\/span><\/span><\/p>\n<p style=\"margin-bottom: 0pt; line-height: 150%;\" align=\"justify\"><strong><span style=\"text-decoration: none;\"><span style=\"font-family: Tahoma,sans-serif;\"><span style=\"font-size: medium;\"><span style=\"font-style: normal;\">2. G\u00fcnl\u00fck Hayat<\/span><\/span><\/span><\/span><\/span><\/strong><\/p>\n<p style=\"margin-bottom: 0pt; font-style: normal; font-weight: normal; line-height: 150%; text-decoration: none;\" align=\"justify\"><span style=\"font-family: Tahoma,sans-serif;\"><span style=\"font-size: small;\">G\u00fcvenlik ve savunma alanlar\u0131 d\u0131\u015f\u0131nda g\u00fcnl\u00fck hayatta kullan\u0131\u015fl\u0131 sistemin uygulama alanlar\u0131na \u00f6rnek verecek olursak. \u0130\u015fitme engelliler i\u00e7in d\u0131\u015far\u0131dan gelen uyar\u0131c\u0131 seslerin y\u00f6n\u00fcn\u00fcn bildiriminde bu ki\u015filere b\u00fcy\u00fck fayda sa\u011flayacakt\u0131r. Arkalar\u0131ndaki arac\u0131n kornas\u0131n\u0131 duyamamak kimi zaman onlar i\u00e7in \u00e7ok tehlikeli olabilmektedir. \u00d6rne\u011fin belli bir \u015fey s\u00f6ylendi\u011finde lojik1 veren bir mikrofon devresi d\u00fc\u015f\u00fcnelim. Bu devreler \u00f6nceden belli bir ya da birka\u00e7 sese programlan\u0131rlar gelen ses ile kendilerindeki ile kar\u015f\u0131la\u015ft\u0131r\u0131rlar ve buna g\u00f6re \u00e7\u0131k\u0131\u015f verirler. Bu mikrofon devresinin \u00e7\u0131k\u0131\u015f\u0131n\u0131 sistemimize ba\u011flad\u0131\u011f\u0131m\u0131z zaman i\u015fitme engelli bu insanlar\u0131n arkas\u0131ndan seslenebilecek olmak hem onlar hem bizler i\u00e7in b\u00fcy\u00fck bir kolayl\u0131k olacak .<\/span><\/span><\/span><\/p>\n<p style=\"margin-bottom: 0pt; line-height: 150%;\" align=\"justify\"><strong><span style=\"text-decoration: none;\"><span style=\"font-family: Tahoma,sans-serif;\"><span style=\"font-size: medium;\"><span style=\"font-style: normal;\">3. Di\u011fer Uygulamalara Yard\u0131mc\u0131 Olmas\u0131<\/span><\/span><\/span><\/span><\/span><\/strong><\/p>\n<p style=\"margin-bottom: 0pt; font-style: normal; font-weight: normal; line-height: 150%; text-decoration: none;\" align=\"justify\"><span style=\"font-family: Tahoma,sans-serif;\"><span style=\"font-size: small;\">Kar\u015f\u0131l\u0131kl\u0131 ger\u00e7ekle\u015ftirilen bir video konferans d\u00fc\u015f\u00fcnelim. Kar\u015f\u0131l\u0131kl\u0131 olarak konu\u015fulmakta , s\u00f6z kimde ise ya kameran\u0131n \u00f6n\u00fcne gelir veya herkes kamera kar\u015f\u0131s\u0131na dizilir , maliyetinden \u00f6t\u00fcr\u00fc \u00e7ok d\u00fc\u015f\u00fck bir ihtimal bir kameraman olur. Halbuki sistemimizin \u00e7\u0131k\u0131\u015f\u0131n\u0131 bir step motora aktar\u0131p kameram\u0131z\u0131 da buna ba\u011fl\u0131 k\u0131larsak kim konu\u015fursa kameran\u0131n ona d\u00f6nece\u011fi bir uygulama elde etmi\u015f oluruz. Kamera alan\u0131 \u00e7ok geni\u015f ise birden fazla kamera var ise yine bu lojik \u00e7\u0131k\u0131\u015flar\u0131n\u0131 kullanarak kamera se\u00e7iminde sistemimizi kullanabiliriz.<\/span><\/span><\/span><\/p>\n<p style=\"margin-bottom: 0pt; font-style: normal; font-weight: normal; line-height: 150%; text-decoration: none;\" align=\"justify\"><span style=\"font-family: Tahoma,sans-serif;\"><span style=\"font-size: small;\">Y\u00f6n tespiti i\u00e7in kullan\u0131lan di\u011fer sistemlerin g\u00fcvenilirli\u011fini sa\u011flamak i\u00e7in mevcut sistemlere de dahil edilebilirler.<\/span><\/span><\/span><\/p>\n<p style=\"margin-bottom: 0pt; line-height: 150%;\" align=\"justify\"><span style=\"text-decoration: none;\"><span style=\"font-family: Tahoma,sans-serif;\"><span style=\"font-size: small;\"><span style=\"font-style: normal;\"><span style=\"font-weight: normal;\">\u00c7al\u0131\u015fmas\u0131 (video) ; <\/span><\/span><\/span><\/span><\/span><\/span><a href=\"http:\/\/vimeo.com\/5178216\" target=\"_blank\" rel=\"noopener noreferrer\"><span style=\"text-decoration: none;\"><span style=\"font-family: Tahoma,sans-serif;\"><span style=\"font-style: normal;\"><span style=\"font-weight: normal;\">http:\/\/vimeo.com\/5178216<\/span><\/span><\/span><\/span><\/a><\/p>\n<p><iframe loading=\"lazy\" src=\"http:\/\/player.vimeo.com\/video\/5178216?title=0&amp;byline=0&amp;portrait=0&amp;color=969696\" frameborder=\"0\" width=\"400\" height=\"300\"><\/iframe><\/p>\n<p><a href=\"http:\/\/vimeo.com\/5178216\">Ses Y\u00f6n\u00fc Tespiti &#8211; Sound Source Determination<\/a> from <a href=\"http:\/\/vimeo.com\/kipermufit\">kipermufit<\/a> on <a href=\"http:\/\/vimeo.com\">Vimeo<\/a>.<\/p>\n","protected":false},"excerpt":{"rendered":"<p>&nbsp; Mevcut proje raporumdan al\u0131nt\u0131 ; Bu proje ile ses kayna\u011f\u0131n\u0131n y\u00f6n\u00fc tespit edilmektedir. Tespit edilmek istenen objenin y\u00f6n\u00fcn\u00fcn belirlemek<\/p>\n","protected":false},"author":1,"featured_media":0,"parent":0,"menu_order":4,"comment_status":"open","ping_status":"closed","template":"","meta":{"footnotes":""},"class_list":["post-478","page","type-page","status-publish","hentry"],"_links":{"self":[{"href":"https:\/\/mufitkiper.com\/km\/wp-json\/wp\/v2\/pages\/478","targetHints":{"allow":["GET"]}}],"collection":[{"href":"https:\/\/mufitkiper.com\/km\/wp-json\/wp\/v2\/pages"}],"about":[{"href":"https:\/\/mufitkiper.com\/km\/wp-json\/wp\/v2\/types\/page"}],"author":[{"embeddable":true,"href":"https:\/\/mufitkiper.com\/km\/wp-json\/wp\/v2\/users\/1"}],"replies":[{"embeddable":true,"href":"https:\/\/mufitkiper.com\/km\/wp-json\/wp\/v2\/comments?post=478"}],"version-history":[{"count":2,"href":"https:\/\/mufitkiper.com\/km\/wp-json\/wp\/v2\/pages\/478\/revisions"}],"predecessor-version":[{"id":1442,"href":"https:\/\/mufitkiper.com\/km\/wp-json\/wp\/v2\/pages\/478\/revisions\/1442"}],"wp:attachment":[{"href":"https:\/\/mufitkiper.com\/km\/wp-json\/wp\/v2\/media?parent=478"}],"curies":[{"name":"wp","href":"https:\/\/api.w.org\/{rel}","templated":true}]}}